{"id":23,"date":"2026-01-19T13:19:23","date_gmt":"2026-01-19T13:19:23","guid":{"rendered":"https:\/\/taxidubrovnik.com.hr\/?page_id=23"},"modified":"2026-01-19T23:46:22","modified_gmt":"2026-01-19T23:46:22","slug":"taxi-services-dubrovnik","status":"publish","type":"page","link":"https:\/\/taxidubrovnik.com.hr\/hr\/","title":{"rendered":"Taksi usluge Dubrovnik"},"content":{"rendered":"\n<div class=\"wp-block-cover is-light wp-duotone-unset-1\"><img loading=\"lazy\" decoding=\"async\" width=\"1024\" height=\"487\" class=\"wp-block-cover__image-background wp-image-41 size-large\" alt=\"\" src=\"https:\/\/taxidubrovnik.com.hr\/wp-content\/uploads\/2026\/01\/taxi1-7-1024x487.jpg\" data-object-fit=\"cover\" srcset=\"https:\/\/taxidubrovnik.com.hr\/wp-content\/uploads\/2026\/01\/taxi1-7-1024x487.jpg 1024w, https:\/\/taxidubrovnik.com.hr\/wp-content\/uploads\/2026\/01\/taxi1-7-300x143.jpg 300w, https:\/\/taxidubrovnik.com.hr\/wp-content\/uploads\/2026\/01\/taxi1-7-768x365.jpg 768w, https:\/\/taxidubrovnik.com.hr\/wp-content\/uploads\/2026\/01\/taxi1-7.jpg 1450w\" sizes=\"auto, (max-width: 1024px) 100vw, 1024px\" \/><span aria-hidden=\"true\" class=\"wp-block-cover__background has-background-dim-0 has-background-dim\" style=\"background-color:#e0b960\"><\/span><div class=\"wp-block-cover__inner-container is-layout-constrained wp-block-cover-is-layout-constrained\">\n<p class=\"has-text-align-center has-large-font-size\"><\/p>\n<\/div><\/div>\n\n\n\n<h1 class=\"wp-block-heading has-luminous-vivid-orange-background-color has-background\">Taxi Dubrovnik \u2013 Pouzdane taksi usluge u Dubrovniku<\/h1>\n\n\n\n<p class=\"has-luminous-vivid-amber-background-color has-background\">Jezik: <strong><a href=\"https:\/\/taxidubrovnik.com.hr\/hr\/\" data-type=\"link\" data-id=\"https:\/\/taxidubrovnik.com.hr\/hr\/\">Hrvatski<\/a> \/ <a href=\"https:\/\/taxidubrovnik.com.hr\/\" data-type=\"link\" data-id=\"https:\/\/taxidubrovnik.com.hr\/\">English<\/a><\/strong><\/p>\n\n\n\n<h2 class=\"wp-block-heading has-luminous-vivid-orange-background-color has-background\">Tra\u017eite li <strong>Taksi u Dubrovniku<\/strong>?<\/h2>\n\n\n\n<p class=\"has-luminous-vivid-amber-background-color has-background\">Taxi Dubrovnik, Phone: +385 91 5014984<\/p>\n\n\n\n<p class=\"has-luminous-vivid-amber-background-color has-background\">Pru\u017eamo brze, sigurne i profesionalne <strong>taksi usluge u Dubrovniku<\/strong> za lokalno stanovni\u0161tvo i posjetitelje tijekom cijele godine. Bilo da vam treba klasi\u010dna vo\u017enja taksijem, transfer do zra\u010dne luke ili prijevoz putem <strong>Uber Dubrovnik<\/strong> ili <strong>Bolt Dubrovnik <\/strong>nudimo pouzdan prijevoz prilago\u0111en va\u0161im potrebama.<\/p>\n\n\n\n<p class=\"has-luminous-vivid-amber-background-color has-background\">S lokalnim voza\u010dima, modernim vozilima i potpunim pokri\u0107em Dubrovnika i okolnih podru\u010dja,<strong>Taxi Dubrovnik<\/strong> je va\u0161 pouzdan izbor za ugodno i bezstresno putovanje.<\/p>\n\n\n\n<p class=\"has-luminous-vivid-amber-background-color has-background\"><strong>Brzo. Pouzdano. Lokalno. Taxi Dubrovnik. <a href=\"https:\/\/taxidubrovnik.com.hr\/hr\/contact-us\/\" data-type=\"link\" data-id=\"https:\/\/taxidubrovnik.com.hr\/hr\/contact-us\/\" target=\"_blank\" rel=\"noreferrer noopener\">Kontaktirajte nas!<\/a><\/strong><\/p>\n\n\n\n<hr class=\"wp-block-separator has-alpha-channel-opacity\"\/>\n\n\n\n<h3 class=\"wp-block-heading has-luminous-vivid-orange-background-color has-background\">Taksi usluge Dubrovnik \u2013 brzo, sigurno i profesionalno<\/h3>\n\n\n\n<p class=\"has-luminous-vivid-amber-background-color has-background\">Na\u0161e <strong>taksi usluge Dubrovnik<\/strong> su poznate po udobnosti i pouzdanosti. Razumijemo koliko je va\u017ean to\u010dan i bezbri\u017ean prijevoz, osobito u u\u017eurbanom turisti\u010dkom odredi\u0161tu poput Dubrovnika.<\/p>\n\n\n\n<p class=\"has-luminous-vivid-amber-background-color has-background\">Nudimo:<\/p>\n\n\n\n<ul class=\"wp-block-list has-luminous-vivid-amber-background-color has-background\">\n<li>Brzo preuzimanje bilo gdje u Dubrovniku<\/li>\n\n\n\n<li>Iskusni lokalni voza\u010di koji poznaju grad<\/li>\n\n\n\n<li>\u010cista, klimatizirana vozila<\/li>\n\n\n\n<li>Dostupnost 24\/7, tijekom cijele godine<\/li>\n<\/ul>\n\n\n\n<p class=\"has-luminous-vivid-amber-background-color has-background\">Bilo da idete prema Starom Gradu, va\u0161em hotelu, pla\u017ei ili zra\u010dnoj luci, osiguravamo glatku i ugodnu vo\u017enju.<\/p>\n\n\n\n<hr class=\"wp-block-separator has-alpha-channel-opacity\"\/>\n\n\n\n<h3 class=\"wp-block-heading has-luminous-vivid-orange-background-color has-background\">Taksi u Dubrovniku \u2013 Jednostavan prijevoz za turiste i stanovnike<\/h3>\n\n\n\n<p class=\"has-luminous-vivid-amber-background-color has-background\">Pronala\u017eenje <strong>taksija u Dubrovniku<\/strong> ne mora biti komplicirano. Na\u0161a usluga pokriva cijelo podru\u010dje Dubrovnika, uklju\u010duju\u0107i:<\/p>\n\n\n\n<ul class=\"wp-block-list has-luminous-vivid-amber-background-color has-background\">\n<li>Stari grad Dubrovnik<\/li>\n\n\n\n<li>Lapad, Gru\u017e, Plo\u010de, Babin Kuk<\/li>\n\n\n\n<li>Zra\u010dna luka Dubrovnik (\u010cilipi)<\/li>\n\n\n\n<li>Obli\u017enja mjesta i odmarali\u0161ta<\/li>\n<\/ul>\n\n\n\n<p class=\"has-luminous-vivid-amber-background-color has-background\">Pru\u017eamo fleksibilne opcije prijevoza za solo putnike, parove, obitelji i grupe. Bez obzira gdje boravite ili kamo idete, osiguravamo da va\u0161 prijevoz bude udoban i na vrijeme.<\/p>\n\n\n\n<hr class=\"wp-block-separator has-alpha-channel-opacity\"\/>\n\n\n\n<h3 class=\"wp-block-heading has-luminous-vivid-orange-background-color has-background\">Uber Dubrovnik &#038; Bolt Dubrovnik \u2013 Podr\u0161ka za taksi na mobilnoj platformi<\/h3>\n\n\n\n<p class=\"has-luminous-vivid-amber-background-color has-background\">Osim klasi\u010dnih taksi usluga, tako\u0111er radimo putem popularnih platformi za dijeljenje vo\u017enje kao \u0161to su <strong>Uber Dubrovnik<\/strong> i <strong>Bolt Dubrovnik<\/strong>. <\/p>\n\n\n\n<ul class=\"wp-block-list has-luminous-vivid-amber-background-color has-background\">\n<li>Rezervirajte vo\u017enje jednostavno putem mobilnih aplikacija<\/li>\n\n\n\n<li>Pratite svog voza\u010da u stvarnom vremenu<\/li>\n\n\n\n<li>U\u017eivajte u transparentnim cijenama<\/li>\n\n\n\n<li>Odaberite opciju koja vam najvi\u0161e odgovara.<\/li>\n<\/ul>\n\n\n\n<p class=\"has-luminous-vivid-amber-background-color has-background\">Bilo da vi\u0161e volite tradicionalnu narud\u017ebu taksija ili prijevoz putem aplikacije, prilago\u0111avamo se va\u0161im \u017eeljama.<\/p>\n\n\n\n<hr class=\"wp-block-separator has-alpha-channel-opacity\"\/>\n\n\n\n<h3 class=\"wp-block-heading has-luminous-vivid-orange-background-color has-background\">Prijevoz do aerodroma \u2013 Dubrovnik taksi<\/h3>\n\n\n\n<p class=\"has-luminous-vivid-amber-background-color has-background\">Treba vam pouzdan <strong>taksi za zra\u010dnu luku Dubrovnik?<\/strong><br>Pru\u017eamo brze i pouzdane prijevoze do i s aerodroma &#8211; <strong>Zra\u010dna luka Dubrovnik (DBV \u2013 \u010cilipi)<\/strong>.<\/p>\n\n\n\n<p class=\"has-luminous-vivid-amber-background-color has-background\">Na\u0161a usluga taksija do zra\u010dne luke uklju\u010duje:<\/p>\n\n\n\n<ul class=\"wp-block-list has-luminous-vivid-amber-background-color has-background\">\n<li>Pravovremeno preuzimanje i odvo\u017eenje<\/li>\n\n\n\n<li>Pomo\u0107 s prtljagom<\/li>\n\n\n\n<li>Udobna vozila nakon dugih letova<\/li>\n\n\n\n<li>Izravan prijevoz do va\u0161eg odredi\u0161ta<\/li>\n<\/ul>\n\n\n\n<p class=\"has-luminous-vivid-amber-background-color has-background\">Izbjegnite \u010dekanje u redovima ili kori\u0161tenje javnog prijevoza \u2014 zapo\u010dnite ili zavr\u0161ite svoje putovanje u Dubrovniku na jednostavan na\u010din.<\/p>\n\n\n\n<hr class=\"wp-block-separator has-alpha-channel-opacity\"\/>\n\n\n\n<h3 class=\"wp-block-heading has-luminous-vivid-orange-background-color has-background\">Za\u0161to odabrati Taxi Dubrovnik?<\/h3>\n\n\n\n<p class=\"has-luminous-vivid-amber-background-color has-background\">Odabir prave <strong>taksi usluge u Dubrovniku<\/strong> \u010dini veliku razliku. Evo za\u0161to nam kupci vjeruju:<\/p>\n\n\n\n<ul class=\"wp-block-list has-luminous-vivid-amber-background-color has-background\">\n<li>Lokalni voza\u010di s izvrsnim poznavanjem podru\u010dja<\/li>\n\n\n\n<li>Profesionalna i prijateljska usluga<\/li>\n\n\n\n<li>Moderni, dobro odr\u017eavani automobili<\/li>\n\n\n\n<li>Podr\u0161ka za Uber i Bolt platforme<\/li>\n\n\n\n<li>Konkurentne i po\u0161tene cijene<\/li>\n\n\n\n<li>Dostupno 24 sata dnevno<\/li>\n<\/ul>\n\n\n\n<p class=\"has-luminous-vivid-amber-background-color has-background\">Na\u0161 cilj je jednostavan: pru\u017eiti pouzdan prijevoz na koji se mo\u017eete osloniti.<\/p>\n\n\n\n<hr class=\"wp-block-separator has-alpha-channel-opacity\"\/>\n\n\n\n<h3 class=\"wp-block-heading has-luminous-vivid-orange-background-color has-background\">Rezervirajte taksi u Dubrovniku danas<\/h3>\n\n\n\n<p class=\"has-luminous-vivid-amber-background-color has-background\">Ako trebate <strong>taksi u Dubrovniku<\/strong> nalazite se na pravom mjestu.<\/p>\n\n\n\n<p class=\"has-luminous-vivid-amber-background-color has-background\">Rezervirajte vo\u017enju danas i u\u017eivajte u prijevozu bez stresa po Dubrovniku \u2014 bilo klasi\u010dnim taksijem, <strong>Uber Dubrovnik<\/strong>, ili<strong> Bolt Dubrovnik<\/strong>.<\/p>\n\n\n\n<p class=\"has-luminous-vivid-amber-background-color has-background\"><strong>Brzo. Pouzdano. Lokalno. Taxi Dubrovnik. <a href=\"https:\/\/taxidubrovnik.com.hr\/hr\/contact-us\/\" data-type=\"link\" data-id=\"https:\/\/taxidubrovnik.com.hr\/hr\/contact-us\/\" target=\"_blank\" rel=\"noreferrer noopener\">Kontaktirajte nas!<\/a><\/strong><\/p>\n","protected":false},"excerpt":{"rendered":"<p>Taxi Dubrovnik \u2013 Pouzdane taksi usluge u Dubrovniku Jezik: Hrvatski \/ English Tra\u017eite li Taksi u Dubrovniku? Taxi Dubrovnik, Phone: +385 91 5014984 Pru\u017eamo brze, sigurne i profesionalne taksi usluge u Dubrovniku za lokalno stanovni\u0161tvo [&hellip;]<\/p>\n","protected":false},"author":1,"featured_media":0,"parent":0,"menu_order":0,"comment_status":"closed","ping_status":"closed","template":"","meta":{"footnotes":""},"class_list":["post-23","page","type-page","status-publish","hentry"],"_links":{"self":[{"href":"https:\/\/taxidubrovnik.com.hr\/hr\/wp-json\/wp\/v2\/pages\/23","targetHints":{"allow":["GET"]}}],"collection":[{"href":"https:\/\/taxidubrovnik.com.hr\/hr\/wp-json\/wp\/v2\/pages"}],"about":[{"href":"https:\/\/taxidubrovnik.com.hr\/hr\/wp-json\/wp\/v2\/types\/page"}],"author":[{"embeddable":true,"href":"https:\/\/taxidubrovnik.com.hr\/hr\/wp-json\/wp\/v2\/users\/1"}],"replies":[{"embeddable":true,"href":"https:\/\/taxidubrovnik.com.hr\/hr\/wp-json\/wp\/v2\/comments?post=23"}],"version-history":[{"count":26,"href":"https:\/\/taxidubrovnik.com.hr\/hr\/wp-json\/wp\/v2\/pages\/23\/revisions"}],"predecessor-version":[{"id":139,"href":"https:\/\/taxidubrovnik.com.hr\/hr\/wp-json\/wp\/v2\/pages\/23\/revisions\/139"}],"wp:attachment":[{"href":"https:\/\/taxidubrovnik.com.hr\/hr\/wp-json\/wp\/v2\/media?parent=23"}],"curies":[{"name":"wp","href":"https:\/\/api.w.org\/{rel}","templated":true}]}}