{"id":72,"date":"2026-01-19T14:38:43","date_gmt":"2026-01-19T14:38:43","guid":{"rendered":"https:\/\/taxidubrovnik.com.hr\/?page_id=72"},"modified":"2026-01-19T22:37:58","modified_gmt":"2026-01-19T22:37:58","slug":"faq","status":"publish","type":"page","link":"https:\/\/taxidubrovnik.com.hr\/hr\/faq\/","title":{"rendered":"\u010cesto postavljana pitanja"},"content":{"rendered":"\n<div class=\"wp-block-cover is-light\"><img loading=\"lazy\" decoding=\"async\" width=\"1024\" height=\"487\" class=\"wp-block-cover__image-background wp-image-41 size-large\" alt=\"taxi dubrovnik\" src=\"https:\/\/taxidubrovnik.com.hr\/wp-content\/uploads\/2026\/01\/taxi1-7-1024x487.jpg\" data-object-fit=\"cover\" srcset=\"https:\/\/taxidubrovnik.com.hr\/wp-content\/uploads\/2026\/01\/taxi1-7-1024x487.jpg 1024w, https:\/\/taxidubrovnik.com.hr\/wp-content\/uploads\/2026\/01\/taxi1-7-300x143.jpg 300w, https:\/\/taxidubrovnik.com.hr\/wp-content\/uploads\/2026\/01\/taxi1-7-768x365.jpg 768w, https:\/\/taxidubrovnik.com.hr\/wp-content\/uploads\/2026\/01\/taxi1-7.jpg 1450w\" sizes=\"auto, (max-width: 1024px) 100vw, 1024px\" \/><span aria-hidden=\"true\" class=\"wp-block-cover__background has-background-dim-0 has-background-dim\" style=\"background-color:#e0b960\"><\/span><div class=\"wp-block-cover__inner-container is-layout-constrained wp-block-cover-is-layout-constrained\">\n<p class=\"has-text-align-center has-large-font-size\"><\/p>\n<\/div><\/div>\n\n\n\n<h1 class=\"wp-block-heading has-luminous-vivid-orange-background-color has-background\">\u010cesto postavljana pitanja \u2013 Taxi Dubrovnik<\/h1>\n\n\n\n<h3 class=\"wp-block-heading has-luminous-vivid-orange-background-color has-background\">Da li nudite taksi usluge u Dubrovniku?<\/h3>\n\n\n\n<p class=\"has-luminous-vivid-amber-background-color has-background\">Da, pru\u017eamo profesionalne <strong>taksi usluge u Dubrovniku<\/strong> za lokalno stanovni\u0161tvo i turiste. Na\u0161a usluga dostupna je 24 sata dnevno, 7 dana u tjednu i pokriva cijelo podru\u010dje Dubrovnika, uklju\u010duju\u0107i Stari Grad, Lapad, Gru\u017e i Zra\u010dnu luku Dubrovnik.<\/p>\n\n\n\n<hr class=\"wp-block-separator has-alpha-channel-opacity\"\/>\n\n\n\n<h3 class=\"wp-block-heading has-luminous-vivid-orange-background-color has-background\">Kako mogu rezervirati taksi u Dubrovniku?<\/h3>\n\n\n\n<p class=\"has-luminous-vivid-amber-background-color has-background\">Mo\u017eete rezervirati <strong>taksi u Dubrovniku<\/strong> izravno putem na\u0161e web stranice ili kori\u0161tenjem popularnih platformi za dijeljenje vo\u017enje kao \u0161to su <strong>Uber <\/strong>i <strong>Bolt. <\/strong>Nudimo fleksibilne opcije rezervacije koje odgovaraju va\u0161im putnim preferencijama.<\/p>\n\n\n\n<hr class=\"wp-block-separator has-alpha-channel-opacity\"\/>\n\n\n\n<h3 class=\"wp-block-heading has-luminous-vivid-orange-background-color has-background\">Da li vozite za Uber i Bolt u Dubrovniku?<\/h3>\n\n\n\n<p class=\"has-luminous-vivid-amber-background-color has-background\">Da, djelujemo putem <strong>Uber <\/strong>i <strong>Bolt Dubrovnik<\/strong> omogu\u0107uju\u0107i vam jednostavno rezerviranje vo\u017enji putem mobilnih aplikacija s transparentnim cijenama i pra\u0107enjem voza\u010da u stvarnom vremenu.<\/p>\n\n\n\n<hr class=\"wp-block-separator has-alpha-channel-opacity\"\/>\n\n\n\n<h3 class=\"wp-block-heading has-luminous-vivid-orange-background-color has-background\">Nudite li prijevoz taksijem do\/iz zra\u010dne luke u Dubrovniku?<\/h3>\n\n\n\n<p class=\"has-luminous-vivid-amber-background-color has-background\">Da, pru\u017eamo pouzdane usluge <strong>taxi prijevoza s aerodroma Dubrovnik<\/strong>, <strong>Zra\u010dna luka Ru\u0111er Bo\u0161kovi\u0107 (\u010cilipi)<\/strong>. Na\u0161a taksi usluga uklju\u010duje pravovremene vo\u017enje, udobna vozila i izravan prijevoz do va\u0161e destinacije.<\/p>\n\n\n\n<hr class=\"wp-block-separator has-alpha-channel-opacity\"\/>\n\n\n\n<h3 class=\"wp-block-heading has-luminous-vivid-orange-background-color has-background\">Je li va\u0161a taksi slu\u017eba dostupna 24 sata dnevno, 7 dana u tjednu?<\/h3>\n\n\n\n<p class=\"has-luminous-vivid-amber-background-color has-background\">Da, na\u0161a <strong>taksi usluge u Dubrovniku<\/strong> dostupni su 24 sata dnevno, 7 dana u tjednu, uklju\u010duju\u0107i vikende i dr\u017eavne praznike.<\/p>\n\n\n\n<hr class=\"wp-block-separator has-alpha-channel-opacity\"\/>\n\n\n\n<h3 class=\"wp-block-heading has-luminous-vivid-orange-background-color has-background\">Da li pru\u017eate taksi usluge za turiste u Dubrovniku?<\/h3>\n\n\n\n<p class=\"has-luminous-vivid-amber-background-color has-background\">Apsolutno. Specijalizirani smo za <strong>taksi usluge za turiste u Dubrovniku<\/strong> nude\u0107i siguran, udoban i pouzdan prijevoz do hotela, apartmana, pla\u017ea, Starog grada i okolnih destinacija.<\/p>\n\n\n\n<p><\/p>\n","protected":false},"excerpt":{"rendered":"<p>\u010cesto postavljana pitanja \u2013 Taxi Dubrovnik Da li nudite taksi usluge u Dubrovniku? Da, pru\u017eamo profesionalne taksi usluge u Dubrovniku za lokalno stanovni\u0161tvo i turiste. Na\u0161a usluga dostupna je 24 sata dnevno, 7 dana u [&hellip;]<\/p>\n","protected":false},"author":1,"featured_media":0,"parent":0,"menu_order":0,"comment_status":"closed","ping_status":"closed","template":"","meta":{"footnotes":""},"class_list":["post-72","page","type-page","status-publish","hentry"],"_links":{"self":[{"href":"https:\/\/taxidubrovnik.com.hr\/hr\/wp-json\/wp\/v2\/pages\/72","targetHints":{"allow":["GET"]}}],"collection":[{"href":"https:\/\/taxidubrovnik.com.hr\/hr\/wp-json\/wp\/v2\/pages"}],"about":[{"href":"https:\/\/taxidubrovnik.com.hr\/hr\/wp-json\/wp\/v2\/types\/page"}],"author":[{"embeddable":true,"href":"https:\/\/taxidubrovnik.com.hr\/hr\/wp-json\/wp\/v2\/users\/1"}],"replies":[{"embeddable":true,"href":"https:\/\/taxidubrovnik.com.hr\/hr\/wp-json\/wp\/v2\/comments?post=72"}],"version-history":[{"count":5,"href":"https:\/\/taxidubrovnik.com.hr\/hr\/wp-json\/wp\/v2\/pages\/72\/revisions"}],"predecessor-version":[{"id":138,"href":"https:\/\/taxidubrovnik.com.hr\/hr\/wp-json\/wp\/v2\/pages\/72\/revisions\/138"}],"wp:attachment":[{"href":"https:\/\/taxidubrovnik.com.hr\/hr\/wp-json\/wp\/v2\/media?parent=72"}],"curies":[{"name":"wp","href":"https:\/\/api.w.org\/{rel}","templated":true}]}}